{"id":31,"date":"2023-04-07T11:06:46","date_gmt":"2023-04-07T09:06:46","guid":{"rendered":"https:\/\/msaservices-mps.fr\/?page_id=31"},"modified":"2024-04-25T11:47:53","modified_gmt":"2024-04-25T09:47:53","slug":"ars","status":"publish","type":"page","link":"https:\/\/msaservices-mps.fr\/index.php\/ars\/","title":{"rendered":"Dispositif formations pr\u00e9vention suicide"},"content":{"rendered":"\t\t<div data-elementor-type=\"wp-page\" data-elementor-id=\"31\" class=\"elementor elementor-31\">\n\t\t\t\t\t\t<section class=\"elementor-section elementor-top-section elementor-element elementor-element-cc28048 elementor-section-stretched elementor-section-boxed elementor-section-height-default elementor-section-height-default\" data-id=\"cc28048\" data-element_type=\"section\" data-e-type=\"section\" data-settings=\"{&quot;stretch_section&quot;:&quot;section-stretched&quot;}\">\n\t\t\t\t\t\t<div class=\"elementor-container elementor-column-gap-default\">\n\t\t\t\t\t<div class=\"elementor-column elementor-col-100 elementor-top-column elementor-element elementor-element-0350932\" data-id=\"0350932\" data-element_type=\"column\" data-e-type=\"column\">\n\t\t\t<div class=\"elementor-widget-wrap elementor-element-populated\">\n\t\t\t\t\t\t<div class=\"elementor-element elementor-element-70ec3cc elementor-widget elementor-widget-heading\" data-id=\"70ec3cc\" data-element_type=\"widget\" data-e-type=\"widget\" data-widget_type=\"heading.default\">\n\t\t\t\t<div class=\"elementor-widget-container\">\n\t\t\t\t\t<h5 class=\"elementor-heading-title elementor-size-default\">Dispositif formations Pr\u00e9vention du suicide<\/h5>\t\t\t\t<\/div>\n\t\t\t\t<\/div>\n\t\t\t\t<div class=\"elementor-element elementor-element-7c35151 elementor-widget elementor-widget-text-editor\" data-id=\"7c35151\" data-element_type=\"widget\" data-e-type=\"widget\" data-widget_type=\"text-editor.default\">\n\t\t\t\t<div class=\"elementor-widget-container\">\n\t\t\t\t\t\t\t\t\t<p>L\u2019objectif de la strat\u00e9gie nationale de pr\u00e9vention du suicide, d\u00e9crite dans l\u2019<a class=\"spip_in blank spip_doc pdf\" title=\"instruction N\u00b0\u00a0DGS\/SP4\/2022\/171 du 6 juillet 2022 (nouvelle fen\u00eatre)\" href=\"https:\/\/sante.gouv.fr\/IMG\/pdf\/instruction_dgs_sp4_2022_171_du_06072022.pdf\" target=\"_blank\" rel=\"blank noopener\" type=\"application\/pdf\">instruction N\u00b0\u00a0DGS\/SP4\/2022\/171 du 6 juillet 2022<\/a>, consiste \u00e0\u00a0<strong>mettre \u0153uvre de fa\u00e7on coordonn\u00e9e dans les territoires un ensemble d\u2019actions int\u00e9gr\u00e9es<\/strong> de pr\u00e9vention du suicide qui sont\u00a0:<\/p><ul class=\"spip\"><li>Le\u00a0<a class=\"spip_in\" href=\"https:\/\/sante.gouv.fr\/prevention-en-sante\/sante-mentale\/la-prevention-du-suicide\/article\/le-dispositif-de-recontact-vigilans\">dispositif VigilanS<\/a>\u00a0de maintien du contact avec la personne qui a fait une tentative de suicide\u00a0;<\/li><li><strong>La\u00a0<a class=\"spip_in\" href=\"https:\/\/sante.gouv.fr\/prevention-en-sante\/sante-mentale\/la-prevention-du-suicide\/article\/la-formation-a-l-evaluation-et-a-l-intervention-de-crise-suicidaire\" target=\"_blank\" rel=\"noopener\">formation actualis\u00e9e au rep\u00e9rage, \u00e0 l\u2019\u00e9valuation et \u00e0 l\u2019intervention de crise suicidaire<\/a>\u00a0;<\/strong><\/li><li>Les actions de\u00a0<a class=\"spip_in\" href=\"https:\/\/sante.gouv.fr\/prevention-en-sante\/sante-mentale\/la-prevention-du-suicide\/article\/la-contagion-suicidaire\">pr\u00e9vention de la contagion suicidaire<\/a>\u00a0;<\/li><li>La mise en place du\u00a0<strong>num\u00e9ro national de pr\u00e9vention du suicide<\/strong>, le\u00a0<a class=\"spip_in\" href=\"https:\/\/sante.gouv.fr\/prevention-en-sante\/sante-mentale\/la-prevention-du-suicide\/article\/le-numero-national-de-prevention-du-suicide\">3114<\/a>\u00a0;<\/li><li>Et l\u2019information du public.<\/li><\/ul><p><span style=\"text-decoration: underline;\"><strong>C&rsquo;est dans le cadre d&rsquo;un CPOM avec l&rsquo;ARS Occitanie que MSA Services MPS d\u00e9ploie les programmes de formation nationaux sur le th\u00e8me de la pr\u00e9vention du suicide sur l&rsquo;ensemble de la r\u00e9gion.<\/strong><\/span><\/p>\t\t\t\t\t\t\t\t<\/div>\n\t\t\t\t<\/div>\n\t\t\t\t<div class=\"elementor-element elementor-element-ef22cff elementor-widget elementor-widget-image\" data-id=\"ef22cff\" data-element_type=\"widget\" data-e-type=\"widget\" data-widget_type=\"image.default\">\n\t\t\t\t<div class=\"elementor-widget-container\">\n\t\t\t\t\t\t\t\t\t\t\t\t\t\t\t<img fetchpriority=\"high\" decoding=\"async\" width=\"1024\" height=\"331\" src=\"https:\/\/msaservices-mps.fr\/wp-content\/uploads\/2023\/04\/Group-1-1024x331.png\" class=\"attachment-large size-large wp-image-1492\" alt=\"\" srcset=\"https:\/\/msaservices-mps.fr\/wp-content\/uploads\/2023\/04\/Group-1-1024x331.png 1024w, https:\/\/msaservices-mps.fr\/wp-content\/uploads\/2023\/04\/Group-1-300x97.png 300w, https:\/\/msaservices-mps.fr\/wp-content\/uploads\/2023\/04\/Group-1-768x249.png 768w, https:\/\/msaservices-mps.fr\/wp-content\/uploads\/2023\/04\/Group-1.png 1440w\" sizes=\"(max-width: 1024px) 100vw, 1024px\" \/>\t\t\t\t\t\t\t\t\t\t\t\t\t\t\t<\/div>\n\t\t\t\t<\/div>\n\t\t\t\t\t<\/div>\n\t\t<\/div>\n\t\t\t\t\t<\/div>\n\t\t<\/section>\n\t\t\t\t<section class=\"elementor-section elementor-top-section elementor-element elementor-element-4a46366 elementor-section-boxed elementor-section-height-default elementor-section-height-default\" data-id=\"4a46366\" data-element_type=\"section\" data-e-type=\"section\">\n\t\t\t\t\t\t<div class=\"elementor-container elementor-column-gap-default\">\n\t\t\t\t\t<div class=\"elementor-column elementor-col-100 elementor-top-column elementor-element elementor-element-36a3ff2\" data-id=\"36a3ff2\" data-element_type=\"column\" data-e-type=\"column\">\n\t\t\t<div class=\"elementor-widget-wrap elementor-element-populated\">\n\t\t\t\t\t\t<div class=\"elementor-element elementor-element-7ecf6a5 elementor-widget elementor-widget-heading\" data-id=\"7ecf6a5\" data-element_type=\"widget\" data-e-type=\"widget\" data-widget_type=\"heading.default\">\n\t\t\t\t<div class=\"elementor-widget-container\">\n\t\t\t\t\t<h2 class=\"elementor-heading-title elementor-size-default\">Les programmes de formation nationaux <\/h2>\t\t\t\t<\/div>\n\t\t\t\t<\/div>\n\t\t\t\t\t<\/div>\n\t\t<\/div>\n\t\t\t\t\t<\/div>\n\t\t<\/section>\n\t\t\t\t<section class=\"elementor-section elementor-top-section elementor-element elementor-element-e49b990 elementor-section-stretched elementor-section-boxed elementor-section-height-default elementor-section-height-default\" data-id=\"e49b990\" data-element_type=\"section\" data-e-type=\"section\" data-settings=\"{&quot;stretch_section&quot;:&quot;section-stretched&quot;}\">\n\t\t\t\t\t\t<div class=\"elementor-container elementor-column-gap-default\">\n\t\t\t\t\t<div class=\"elementor-column elementor-col-100 elementor-top-column elementor-element elementor-element-a30b214\" data-id=\"a30b214\" data-element_type=\"column\" data-e-type=\"column\">\n\t\t\t<div class=\"elementor-widget-wrap elementor-element-populated\">\n\t\t\t\t\t\t<div class=\"elementor-element elementor-element-3767ec9 elementor-widget elementor-widget-image\" data-id=\"3767ec9\" data-element_type=\"widget\" data-e-type=\"widget\" data-widget_type=\"image.default\">\n\t\t\t\t<div class=\"elementor-widget-container\">\n\t\t\t\t\t\t\t\t\t\t\t\t\t\t\t<img decoding=\"async\" width=\"768\" height=\"193\" src=\"https:\/\/msaservices-mps.fr\/wp-content\/uploads\/2023\/06\/3-NIVEAUX-DE-FORMATION-768x193.png\" class=\"attachment-medium_large size-medium_large wp-image-2171\" alt=\"\" srcset=\"https:\/\/msaservices-mps.fr\/wp-content\/uploads\/2023\/06\/3-NIVEAUX-DE-FORMATION-768x193.png 768w, https:\/\/msaservices-mps.fr\/wp-content\/uploads\/2023\/06\/3-NIVEAUX-DE-FORMATION-300x76.png 300w, https:\/\/msaservices-mps.fr\/wp-content\/uploads\/2023\/06\/3-NIVEAUX-DE-FORMATION-1024x258.png 1024w, https:\/\/msaservices-mps.fr\/wp-content\/uploads\/2023\/06\/3-NIVEAUX-DE-FORMATION-1536x387.png 1536w, https:\/\/msaservices-mps.fr\/wp-content\/uploads\/2023\/06\/3-NIVEAUX-DE-FORMATION-2048x516.png 2048w\" sizes=\"(max-width: 768px) 100vw, 768px\" \/>\t\t\t\t\t\t\t\t\t\t\t\t\t\t\t<\/div>\n\t\t\t\t<\/div>\n\t\t\t\t\t<\/div>\n\t\t<\/div>\n\t\t\t\t\t<\/div>\n\t\t<\/section>\n\t\t\t\t<section class=\"elementor-section elementor-top-section elementor-element elementor-element-ccdc027 elementor-section-boxed elementor-section-height-default elementor-section-height-default\" data-id=\"ccdc027\" data-element_type=\"section\" data-e-type=\"section\">\n\t\t\t\t\t\t<div class=\"elementor-container elementor-column-gap-default\">\n\t\t\t\t\t<div class=\"elementor-column elementor-col-100 elementor-top-column elementor-element elementor-element-c134760\" data-id=\"c134760\" data-element_type=\"column\" data-e-type=\"column\">\n\t\t\t<div class=\"elementor-widget-wrap elementor-element-populated\">\n\t\t\t\t\t\t<div class=\"elementor-element elementor-element-316b4ca elementor-widget elementor-widget-text-editor\" data-id=\"316b4ca\" data-element_type=\"widget\" data-e-type=\"widget\" data-widget_type=\"text-editor.default\">\n\t\t\t\t<div class=\"elementor-widget-container\">\n\t\t\t\t\t\t\t\t\t<p><b>\u2192 S&rsquo;inscrire dans un dispositif de pr\u00e9vention globale construisant ainsi un r\u00e9seau de pr\u00e9vention et un maillage territorial destin\u00e9s au rep\u00e9rage, \u00e0 l&rsquo;\u00e9valuation, l&rsquo;orientation et l&rsquo;intervention de la crise suicidaire.\u00a0<\/b><\/p>\t\t\t\t\t\t\t\t<\/div>\n\t\t\t\t<\/div>\n\t\t\t\t\t<\/div>\n\t\t<\/div>\n\t\t\t\t\t<\/div>\n\t\t<\/section>\n\t\t\t\t<section class=\"elementor-section elementor-top-section elementor-element elementor-element-7193b10 elementor-section-boxed elementor-section-height-default elementor-section-height-default\" data-id=\"7193b10\" data-element_type=\"section\" data-e-type=\"section\">\n\t\t\t\t\t\t<div class=\"elementor-container elementor-column-gap-default\">\n\t\t\t\t\t<div class=\"elementor-column elementor-col-100 elementor-top-column elementor-element elementor-element-e018d17\" data-id=\"e018d17\" data-element_type=\"column\" data-e-type=\"column\">\n\t\t\t<div class=\"elementor-widget-wrap elementor-element-populated\">\n\t\t\t\t\t\t<div class=\"elementor-element elementor-element-138a7db elementor-widget elementor-widget-text-editor\" data-id=\"138a7db\" data-element_type=\"widget\" data-e-type=\"widget\" data-widget_type=\"text-editor.default\">\n\t\t\t\t<div class=\"elementor-widget-container\">\n\t\t\t\t\t\t\t\t\t<ul><li style=\"text-align: left;\"><span style=\"color: #99cc00;\">F<b>ormation \u00ab intervenant de crise\u00a0\u00bb<\/b><\/span><\/li><\/ul><p><span style=\"font-size: 14px;\"><strong>Public :<\/strong> \u00a0 Professionnel soignant clinicien ayant une pratique r\u00e9guli\u00e8re de la prise en charge de patients en crise suicidaire<\/span><\/p><p style=\"text-align: center;\"><span style=\"text-decoration: underline;\"><a style=\"font-variant-ligatures: normal; font-variant-caps: normal; font-family: Roboto, sans-serif; font-size: 14px; font-style: normal; background-color: #ffffff; text-align: start;\" href=\"https:\/\/msaservices-mps.fr\/wp-content\/uploads\/2024\/04\/Formation-prevention-du-suicide-Intervenant-de-crise.pdf\" target=\"_blank\" rel=\"noopener\"><b>Programme de formation Intervenant de crise<\/b><\/a><\/span><\/p><ul><li><span style=\"color: #99cc00;\"><b>Formation <\/b><b>\u00ab \u00e9valuateur \u00bb<\/b><\/span><\/li><\/ul><p><strong>Public :<\/strong> \u00a0 Professionnel soignant et non-soignant de premi\u00e8re ligne pratiquant l\u2019\u00e9valuation de la crise suicidaire et l\u2019entretien clinique<\/p><p style=\"text-align: center;\"><span style=\"text-decoration: underline;\"><a href=\"https:\/\/msaservices-mps.fr\/wp-content\/uploads\/2024\/04\/Formation-prevention-du-suicide-Evaluateur-2.5-jours.pdf\" target=\"_blank\" rel=\"noopener\">Programme de formation Evaluateur<\/a><\/span><\/p><ul><li><span style=\"color: #99cc00;\"><b>Formation <\/b><b>\u00ab sentinelle \u00bb<\/b><\/span><\/li><\/ul><p><b>Public : <\/b>Le citoyen ou le professionnel non-soignant qui a des habilet\u00e9s et dispositions spontan\u00e9es \u00e0 l&rsquo;entraide et est rep\u00e9r\u00e9 comme tel.<\/p><p style=\"text-align: center;\"><span style=\"text-decoration: underline;\"><a href=\"https:\/\/msaservices-mps.fr\/wp-content\/uploads\/2024\/04\/Formation-prevention-du-suicide-Sentinelle.pdf\" target=\"_blank\" rel=\"noopener\">Programme de formation Sentinelle<\/a><\/span><\/p>\t\t\t\t\t\t\t\t<\/div>\n\t\t\t\t<\/div>\n\t\t\t\t\t<\/div>\n\t\t<\/div>\n\t\t\t\t\t<\/div>\n\t\t<\/section>\n\t\t\t\t<section class=\"elementor-section elementor-top-section elementor-element elementor-element-b365060 elementor-section-boxed elementor-section-height-default elementor-section-height-default\" data-id=\"b365060\" data-element_type=\"section\" data-e-type=\"section\">\n\t\t\t\t\t\t<div class=\"elementor-container elementor-column-gap-default\">\n\t\t\t\t\t<div class=\"elementor-column elementor-col-100 elementor-top-column elementor-element elementor-element-b2e677b\" data-id=\"b2e677b\" data-element_type=\"column\" data-e-type=\"column\">\n\t\t\t<div class=\"elementor-widget-wrap elementor-element-populated\">\n\t\t\t\t\t\t\t<\/div>\n\t\t<\/div>\n\t\t\t\t\t<\/div>\n\t\t<\/section>\n\t\t\t\t<\/div>\n\t\t","protected":false},"excerpt":{"rendered":"<p>Dispositif formations Pr\u00e9vention du suicide L\u2019objectif de la strat\u00e9gie nationale de pr\u00e9vention du suicide, d\u00e9crite dans l\u2019instruction N\u00b0\u00a0DGS\/SP4\/2022\/171 du 6 juillet 2022, consiste \u00e0\u00a0mettre \u0153uvre de fa\u00e7on coordonn\u00e9e dans les territoires un ensemble d\u2019actions int\u00e9gr\u00e9es de pr\u00e9vention du suicide qui sont\u00a0: Le\u00a0dispositif VigilanS\u00a0de maintien du contact avec la personne qui a fait une tentative de [&hellip;]<\/p>\n","protected":false},"author":2,"featured_media":0,"parent":0,"menu_order":0,"comment_status":"closed","ping_status":"closed","template":"","meta":{"ocean_post_layout":"","ocean_both_sidebars_style":"","ocean_both_sidebars_content_width":0,"ocean_both_sidebars_sidebars_width":0,"ocean_sidebar":"0","ocean_second_sidebar":"0","ocean_disable_margins":"enable","ocean_add_body_class":"","ocean_shortcode_before_top_bar":"","ocean_shortcode_after_top_bar":"","ocean_shortcode_before_header":"","ocean_shortcode_after_header":"","ocean_has_shortcode":"","ocean_shortcode_after_title":"","ocean_shortcode_before_footer_widgets":"","ocean_shortcode_after_footer_widgets":"","ocean_shortcode_before_footer_bottom":"","ocean_shortcode_after_footer_bottom":"","ocean_display_top_bar":"default","ocean_display_header":"default","ocean_header_style":"","ocean_center_header_left_menu":"0","ocean_custom_header_template":"0","ocean_custom_logo":0,"ocean_custom_retina_logo":0,"ocean_custom_logo_max_width":0,"ocean_custom_logo_tablet_max_width":0,"ocean_custom_logo_mobile_max_width":0,"ocean_custom_logo_max_height":0,"ocean_custom_logo_tablet_max_height":0,"ocean_custom_logo_mobile_max_height":0,"ocean_header_custom_menu":"0","ocean_menu_typo_font_family":"0","ocean_menu_typo_font_subset":"","ocean_menu_typo_font_size":0,"ocean_menu_typo_font_size_tablet":0,"ocean_menu_typo_font_size_mobile":0,"ocean_menu_typo_font_size_unit":"px","ocean_menu_typo_font_weight":"","ocean_menu_typo_font_weight_tablet":"","ocean_menu_typo_font_weight_mobile":"","ocean_menu_typo_transform":"","ocean_menu_typo_transform_tablet":"","ocean_menu_typo_transform_mobile":"","ocean_menu_typo_line_height":0,"ocean_menu_typo_line_height_tablet":0,"ocean_menu_typo_line_height_mobile":0,"ocean_menu_typo_line_height_unit":"","ocean_menu_typo_spacing":0,"ocean_menu_typo_spacing_tablet":0,"ocean_menu_typo_spacing_mobile":0,"ocean_menu_typo_spacing_unit":"","ocean_menu_link_color":"","ocean_menu_link_color_hover":"","ocean_menu_link_color_active":"","ocean_menu_link_background":"","ocean_menu_link_hover_background":"","ocean_menu_link_active_background":"","ocean_menu_social_links_bg":"","ocean_menu_social_hover_links_bg":"","ocean_menu_social_links_color":"","ocean_menu_social_hover_links_color":"","ocean_disable_title":"on","ocean_disable_heading":"default","ocean_post_title":"","ocean_post_subheading":"","ocean_post_title_style":"","ocean_post_title_background_color":"","ocean_post_title_background":0,"ocean_post_title_bg_image_position":"","ocean_post_title_bg_image_attachment":"","ocean_post_title_bg_image_repeat":"","ocean_post_title_bg_image_size":"","ocean_post_title_height":0,"ocean_post_title_bg_overlay":0.5,"ocean_post_title_bg_overlay_color":"","ocean_disable_breadcrumbs":"default","ocean_breadcrumbs_color":"","ocean_breadcrumbs_separator_color":"","ocean_breadcrumbs_links_color":"","ocean_breadcrumbs_links_hover_color":"","ocean_display_footer_widgets":"default","ocean_display_footer_bottom":"default","ocean_custom_footer_template":"0","footnotes":""},"class_list":["post-31","page","type-page","status-publish","hentry","entry"],"yoast_head":"<!-- This site is optimized with the Yoast SEO plugin v27.4 - https:\/\/yoast.com\/product\/yoast-seo-wordpress\/ -->\n<title>Dispositif formations pr\u00e9vention suicide - WordPress<\/title>\n<meta name=\"robots\" content=\"index, follow, max-snippet:-1, max-image-preview:large, max-video-preview:-1\" \/>\n<link rel=\"canonical\" href=\"https:\/\/msaservices-mps.fr\/index.php\/ars\/\" \/>\n<meta property=\"og:locale\" content=\"fr_FR\" \/>\n<meta property=\"og:type\" content=\"article\" \/>\n<meta property=\"og:title\" content=\"Dispositif formations pr\u00e9vention suicide - WordPress\" \/>\n<meta property=\"og:description\" content=\"Dispositif formations Pr\u00e9vention du suicide L\u2019objectif de la strat\u00e9gie nationale de pr\u00e9vention du suicide, d\u00e9crite dans l\u2019instruction N\u00b0\u00a0DGS\/SP4\/2022\/171 du 6 juillet 2022, consiste \u00e0\u00a0mettre \u0153uvre de fa\u00e7on coordonn\u00e9e dans les territoires un ensemble d\u2019actions int\u00e9gr\u00e9es de pr\u00e9vention du suicide qui sont\u00a0: Le\u00a0dispositif VigilanS\u00a0de maintien du contact avec la personne qui a fait une tentative de [&hellip;]\" \/>\n<meta property=\"og:url\" content=\"https:\/\/msaservices-mps.fr\/index.php\/ars\/\" \/>\n<meta property=\"og:site_name\" content=\"WordPress\" \/>\n<meta property=\"article:modified_time\" content=\"2024-04-25T09:47:53+00:00\" \/>\n<meta property=\"og:image\" content=\"http:\/\/msaservices-mps.fr\/wp-content\/uploads\/2023\/04\/Group-1-1024x331.png\" \/>\n<meta name=\"twitter:card\" content=\"summary_large_image\" \/>\n<meta name=\"twitter:label1\" content=\"Dur\u00e9e de lecture estim\u00e9e\" \/>\n\t<meta name=\"twitter:data1\" content=\"2 minutes\" \/>\n<script type=\"application\/ld+json\" class=\"yoast-schema-graph\">{\"@context\":\"https:\\\/\\\/schema.org\",\"@graph\":[{\"@type\":\"WebPage\",\"@id\":\"https:\\\/\\\/msaservices-mps.fr\\\/index.php\\\/ars\\\/\",\"url\":\"https:\\\/\\\/msaservices-mps.fr\\\/index.php\\\/ars\\\/\",\"name\":\"Dispositif formations pr\u00e9vention suicide - WordPress\",\"isPartOf\":{\"@id\":\"https:\\\/\\\/msaservices-mps.fr\\\/#website\"},\"primaryImageOfPage\":{\"@id\":\"https:\\\/\\\/msaservices-mps.fr\\\/index.php\\\/ars\\\/#primaryimage\"},\"image\":{\"@id\":\"https:\\\/\\\/msaservices-mps.fr\\\/index.php\\\/ars\\\/#primaryimage\"},\"thumbnailUrl\":\"http:\\\/\\\/msaservices-mps.fr\\\/wp-content\\\/uploads\\\/2023\\\/04\\\/Group-1-1024x331.png\",\"datePublished\":\"2023-04-07T09:06:46+00:00\",\"dateModified\":\"2024-04-25T09:47:53+00:00\",\"breadcrumb\":{\"@id\":\"https:\\\/\\\/msaservices-mps.fr\\\/index.php\\\/ars\\\/#breadcrumb\"},\"inLanguage\":\"fr-FR\",\"potentialAction\":[{\"@type\":\"ReadAction\",\"target\":[\"https:\\\/\\\/msaservices-mps.fr\\\/index.php\\\/ars\\\/\"]}]},{\"@type\":\"ImageObject\",\"inLanguage\":\"fr-FR\",\"@id\":\"https:\\\/\\\/msaservices-mps.fr\\\/index.php\\\/ars\\\/#primaryimage\",\"url\":\"http:\\\/\\\/msaservices-mps.fr\\\/wp-content\\\/uploads\\\/2023\\\/04\\\/Group-1-1024x331.png\",\"contentUrl\":\"http:\\\/\\\/msaservices-mps.fr\\\/wp-content\\\/uploads\\\/2023\\\/04\\\/Group-1-1024x331.png\"},{\"@type\":\"BreadcrumbList\",\"@id\":\"https:\\\/\\\/msaservices-mps.fr\\\/index.php\\\/ars\\\/#breadcrumb\",\"itemListElement\":[{\"@type\":\"ListItem\",\"position\":1,\"name\":\"Accueil\",\"item\":\"https:\\\/\\\/msaservices-mps.fr\\\/\"},{\"@type\":\"ListItem\",\"position\":2,\"name\":\"Dispositif formations pr\u00e9vention suicide\"}]},{\"@type\":\"WebSite\",\"@id\":\"https:\\\/\\\/msaservices-mps.fr\\\/#website\",\"url\":\"https:\\\/\\\/msaservices-mps.fr\\\/\",\"name\":\"msaservices-mps\",\"description\":\"Un site utilisant WordPress\",\"publisher\":{\"@id\":\"https:\\\/\\\/msaservices-mps.fr\\\/#organization\"},\"potentialAction\":[{\"@type\":\"SearchAction\",\"target\":{\"@type\":\"EntryPoint\",\"urlTemplate\":\"https:\\\/\\\/msaservices-mps.fr\\\/?s={search_term_string}\"},\"query-input\":{\"@type\":\"PropertyValueSpecification\",\"valueRequired\":true,\"valueName\":\"search_term_string\"}}],\"inLanguage\":\"fr-FR\"},{\"@type\":\"Organization\",\"@id\":\"https:\\\/\\\/msaservices-mps.fr\\\/#organization\",\"name\":\"MSA Services MPS\",\"url\":\"https:\\\/\\\/msaservices-mps.fr\\\/\",\"logo\":{\"@type\":\"ImageObject\",\"inLanguage\":\"fr-FR\",\"@id\":\"https:\\\/\\\/msaservices-mps.fr\\\/#\\\/schema\\\/logo\\\/image\\\/\",\"url\":\"https:\\\/\\\/msaservices-mps.fr\\\/wp-content\\\/uploads\\\/2023\\\/04\\\/cropped-cropped-Logo-MSA-Services-2.jpg\",\"contentUrl\":\"https:\\\/\\\/msaservices-mps.fr\\\/wp-content\\\/uploads\\\/2023\\\/04\\\/cropped-cropped-Logo-MSA-Services-2.jpg\",\"width\":340,\"height\":302,\"caption\":\"MSA Services MPS\"},\"image\":{\"@id\":\"https:\\\/\\\/msaservices-mps.fr\\\/#\\\/schema\\\/logo\\\/image\\\/\"}}]}<\/script>\n<!-- \/ Yoast SEO plugin. -->","yoast_head_json":{"title":"Dispositif formations pr\u00e9vention suicide - WordPress","robots":{"index":"index","follow":"follow","max-snippet":"max-snippet:-1","max-image-preview":"max-image-preview:large","max-video-preview":"max-video-preview:-1"},"canonical":"https:\/\/msaservices-mps.fr\/index.php\/ars\/","og_locale":"fr_FR","og_type":"article","og_title":"Dispositif formations pr\u00e9vention suicide - WordPress","og_description":"Dispositif formations Pr\u00e9vention du suicide L\u2019objectif de la strat\u00e9gie nationale de pr\u00e9vention du suicide, d\u00e9crite dans l\u2019instruction N\u00b0\u00a0DGS\/SP4\/2022\/171 du 6 juillet 2022, consiste \u00e0\u00a0mettre \u0153uvre de fa\u00e7on coordonn\u00e9e dans les territoires un ensemble d\u2019actions int\u00e9gr\u00e9es de pr\u00e9vention du suicide qui sont\u00a0: Le\u00a0dispositif VigilanS\u00a0de maintien du contact avec la personne qui a fait une tentative de [&hellip;]","og_url":"https:\/\/msaservices-mps.fr\/index.php\/ars\/","og_site_name":"WordPress","article_modified_time":"2024-04-25T09:47:53+00:00","og_image":[{"url":"http:\/\/msaservices-mps.fr\/wp-content\/uploads\/2023\/04\/Group-1-1024x331.png","type":"","width":"","height":""}],"twitter_card":"summary_large_image","twitter_misc":{"Dur\u00e9e de lecture estim\u00e9e":"2 minutes"},"schema":{"@context":"https:\/\/schema.org","@graph":[{"@type":"WebPage","@id":"https:\/\/msaservices-mps.fr\/index.php\/ars\/","url":"https:\/\/msaservices-mps.fr\/index.php\/ars\/","name":"Dispositif formations pr\u00e9vention suicide - WordPress","isPartOf":{"@id":"https:\/\/msaservices-mps.fr\/#website"},"primaryImageOfPage":{"@id":"https:\/\/msaservices-mps.fr\/index.php\/ars\/#primaryimage"},"image":{"@id":"https:\/\/msaservices-mps.fr\/index.php\/ars\/#primaryimage"},"thumbnailUrl":"http:\/\/msaservices-mps.fr\/wp-content\/uploads\/2023\/04\/Group-1-1024x331.png","datePublished":"2023-04-07T09:06:46+00:00","dateModified":"2024-04-25T09:47:53+00:00","breadcrumb":{"@id":"https:\/\/msaservices-mps.fr\/index.php\/ars\/#breadcrumb"},"inLanguage":"fr-FR","potentialAction":[{"@type":"ReadAction","target":["https:\/\/msaservices-mps.fr\/index.php\/ars\/"]}]},{"@type":"ImageObject","inLanguage":"fr-FR","@id":"https:\/\/msaservices-mps.fr\/index.php\/ars\/#primaryimage","url":"http:\/\/msaservices-mps.fr\/wp-content\/uploads\/2023\/04\/Group-1-1024x331.png","contentUrl":"http:\/\/msaservices-mps.fr\/wp-content\/uploads\/2023\/04\/Group-1-1024x331.png"},{"@type":"BreadcrumbList","@id":"https:\/\/msaservices-mps.fr\/index.php\/ars\/#breadcrumb","itemListElement":[{"@type":"ListItem","position":1,"name":"Accueil","item":"https:\/\/msaservices-mps.fr\/"},{"@type":"ListItem","position":2,"name":"Dispositif formations pr\u00e9vention suicide"}]},{"@type":"WebSite","@id":"https:\/\/msaservices-mps.fr\/#website","url":"https:\/\/msaservices-mps.fr\/","name":"msaservices-mps","description":"Un site utilisant WordPress","publisher":{"@id":"https:\/\/msaservices-mps.fr\/#organization"},"potentialAction":[{"@type":"SearchAction","target":{"@type":"EntryPoint","urlTemplate":"https:\/\/msaservices-mps.fr\/?s={search_term_string}"},"query-input":{"@type":"PropertyValueSpecification","valueRequired":true,"valueName":"search_term_string"}}],"inLanguage":"fr-FR"},{"@type":"Organization","@id":"https:\/\/msaservices-mps.fr\/#organization","name":"MSA Services MPS","url":"https:\/\/msaservices-mps.fr\/","logo":{"@type":"ImageObject","inLanguage":"fr-FR","@id":"https:\/\/msaservices-mps.fr\/#\/schema\/logo\/image\/","url":"https:\/\/msaservices-mps.fr\/wp-content\/uploads\/2023\/04\/cropped-cropped-Logo-MSA-Services-2.jpg","contentUrl":"https:\/\/msaservices-mps.fr\/wp-content\/uploads\/2023\/04\/cropped-cropped-Logo-MSA-Services-2.jpg","width":340,"height":302,"caption":"MSA Services MPS"},"image":{"@id":"https:\/\/msaservices-mps.fr\/#\/schema\/logo\/image\/"}}]}},"_links":{"self":[{"href":"https:\/\/msaservices-mps.fr\/index.php\/wp-json\/wp\/v2\/pages\/31","targetHints":{"allow":["GET"]}}],"collection":[{"href":"https:\/\/msaservices-mps.fr\/index.php\/wp-json\/wp\/v2\/pages"}],"about":[{"href":"https:\/\/msaservices-mps.fr\/index.php\/wp-json\/wp\/v2\/types\/page"}],"author":[{"embeddable":true,"href":"https:\/\/msaservices-mps.fr\/index.php\/wp-json\/wp\/v2\/users\/2"}],"replies":[{"embeddable":true,"href":"https:\/\/msaservices-mps.fr\/index.php\/wp-json\/wp\/v2\/comments?post=31"}],"version-history":[{"count":123,"href":"https:\/\/msaservices-mps.fr\/index.php\/wp-json\/wp\/v2\/pages\/31\/revisions"}],"predecessor-version":[{"id":3020,"href":"https:\/\/msaservices-mps.fr\/index.php\/wp-json\/wp\/v2\/pages\/31\/revisions\/3020"}],"wp:attachment":[{"href":"https:\/\/msaservices-mps.fr\/index.php\/wp-json\/wp\/v2\/media?parent=31"}],"curies":[{"name":"wp","href":"https:\/\/api.w.org\/{rel}","templated":true}]}}